{"id":12,"date":"2019-05-17T07:40:36","date_gmt":"2019-05-17T07:40:36","guid":{"rendered":"https:\/\/themerain.com\/demo\/etc\/?page_id=12"},"modified":"2025-11-04T22:42:38","modified_gmt":"2025-11-04T22:42:38","slug":"contacts","status":"publish","type":"page","link":"https:\/\/ergotrip25.web.ua.pt\/en\/contacts\/","title":{"rendered":"Contacts"},"content":{"rendered":"<div class=\"wp-block-columns has-2-columns is-layout-flex wp-container-core-columns-is-layout-28f84493 wp-block-columns-is-layout-flex\">\n<div class=\"wp-block-column is-layout-flow wp-block-column-is-layout-flow\">\n<div class=\"wp-block-columns has-2-columns is-layout-flex wp-container-core-columns-is-layout-28f84493 wp-block-columns-is-layout-flex\">\n<div class=\"wp-block-column is-layout-flow wp-block-column-is-layout-flow\">\n<h6 class=\"wp-block-heading has-black-color has-text-color has-link-color wp-elements-c9b6761ec97b9f6561f6780494aeb1dc\">Contact<\/h6>\n\n\n\n<p class=\"has-black-color has-text-color has-link-color wp-elements-380bd0c332dbc613f6687253b7004a6a translation-block\">All questions regarding submission should be sent by email to <a href=\"mailto:alvarosousa@ua.pt\" target=\"_self\">alvarosousa@ua.pt<\/a>.<\/p>\n\n\n\n<div style=\"height:25px\" aria-hidden=\"true\" class=\"wp-block-spacer\"><\/div>\n<\/div>\n<\/div>\n<\/div>\n\n\n\n<div class=\"wp-block-column is-layout-flow wp-block-column-is-layout-flow\">\n<h6 class=\"wp-block-heading has-black-color has-text-color has-link-color wp-elements-8e669f0ea1c6d283c56c2f317800b430\">Venue location<\/h6>\n\n\n\n<p class=\"has-black-color has-text-color has-link-color wp-elements-7adbddb9298137cb9c96d28032d1661f\">Department of Communication and Art<br>University of Aveiro<br>Campus Universit\u00e1rio de Santiago<br>3810-193 Aveiro<br>Portugal<\/p>\n\n\n\n<div class=\"wp-block-gmap-gmap-block gmap-block-xmsss61n\"><iframe src=\"https:\/\/maps.google.com\/maps?q=Departamento+de+Comunica%C3%A7%C3%A3o+e+Arte%2C+Universidade+de+Aveiro&amp;z=16&amp;t=roadmap&amp;output=embed\" class=\"embd-map\" title=\"Departamento de Comunica\u00e7\u00e3o e Arte, Universidade de Aveiro\"><\/iframe><\/div>\n\n\n\n<div style=\"height:25px\" aria-hidden=\"true\" class=\"wp-block-spacer\"><\/div>\n\n\n\n<h6 class=\"wp-block-heading has-black-color has-text-color has-link-color wp-elements-242714181e121b06a470e57a8f9733c9\">Transport<\/h6>\n\n\n\n<details class=\"wp-block-details has-black-color has-text-color has-link-color wp-elements-6a03b4aa2257740a3a7e02beb889a3ad is-layout-flow wp-container-core-details-is-layout-119bc444 wp-block-details-is-layout-flow\"><summary><strong>Fly to Portugal<\/strong><\/summary>\n<p class=\"translation-block\">The nearest airport is the Francisco S\u00e1 Carneiro Airport in Porto, located 80 km north of Aveiro.<\/p>\n\n\n\n<div style=\"height:var(--wp--preset--spacing--20)\" aria-hidden=\"true\" class=\"wp-block-spacer\"><\/div>\n<\/details>\n\n\n\n<details class=\"wp-block-details has-black-color has-text-color has-link-color wp-elements-daf6d2346765791f2f9e02262804e926 is-layout-flow wp-container-core-details-is-layout-119bc444 wp-block-details-is-layout-flow\"><summary><strong>Getting to Aveiro from Porto Airport<\/strong><\/summary>\n<p>To get to Aveiro from Porto Airport, you can:<\/p>\n\n\n\n<ul class=\"wp-block-list\">\n<li>Rent a car (driving time to Aveiro: 1 hour).<\/li>\n\n\n\n<li>Take a taxi (around \u20ac80).<\/li>\n\n\n\n<li>Use public transportation: subway + train, or bus.<\/li>\n<\/ul>\n\n\n\n<h5 class=\"wp-block-heading\"><strong>Public Transport \u2013 subway+train<\/strong><\/h5>\n\n\n\n<p><strong>On the airport<\/strong>, you can take the Metro to the city center (Line E \u2013 Trindade; Z4 Ticket, around \u20ac2.60). At \"Porto-Trindade,\" validate the same ticket and switch to any of the following lines to reach the \"Porto-Campanh\u00e3\" train station. <a href=\"https:\/\/www.metrodoporto.pt\/pages\/337\" data-type=\"link\" data-id=\"https:\/\/www.metrodoporto.pt\/pages\/337\" target=\"_blank\" rel=\"noreferrer noopener\">Metro Map and Schedules.<\/a>:<\/p>\n\n\n\n<ul class=\"wp-block-list\">\n<li>Lines A and B (direction \"Est\u00e1dio do Drag\u00e3o\");<\/li>\n\n\n\n<li>Line C (direction \u201cCampanh\u00e3\u201d);<\/li>\n\n\n\n<li>Line F (direction \u201cF\u00e2nzeres\u201d).<\/li>\n<\/ul>\n\n\n\n<p>Exit at Campanh\u00e3 and head to the train station (about a 2-minute walk).<\/p>\n\n\n\n<p>Alternatively, a taxi from the airport to the train station (Porto-Campanh\u00e3) costs approximately \u20ac20 and takes about 30 minutes.<\/p>\n\n\n\n<p>At Campanh\u00e3 train station, there are trains to Aveiro running regularly throughout the day (one every hour). The ticket costs about \u20ac3.70, and the journey takes between 50 minutes to 1 hour 10 minutes. Faster trains (Alfa or Intercidades) are also available. Please check the website <a href=\"https:\/\/www.cp.pt\" data-type=\"link\" data-id=\"https:\/\/www.cp.pt\" target=\"_blank\" rel=\"noreferrer noopener\">cp.pt<\/a> for more information.<\/p>\n\n\n\n<p>Further information can be found at <a href=\"https:\/\/www.portoairport.pt\/en\/opo\/access-parking\/getting-to-and-from-the-airport\/public-transportation\" data-type=\"link\" data-id=\"https:\/\/www.portoairport.pt\/en\/opo\/access-parking\/getting-to-and-from-the-airport\/public-transportation\" target=\"_blank\" rel=\"noreferrer noopener\">Public Transportation from Porto Airport<\/a>.<\/p>\n\n\n\n<h5 class=\"wp-block-heading\"><strong>Public Transportation \u2013 bus<\/strong><\/h5>\n\n\n\n<p>There are direct buses from Porto Airport to Aveiro at various times throughout the day, with fares starting at \u20ac4.95. These services are operated by the following companies:<\/p>\n\n\n\n<ul class=\"wp-block-list\">\n<li><a href=\"https:\/\/global.flixbus.com\/\" target=\"_blank\" rel=\"noreferrer noopener\"><u>Flixbus<\/u><\/a><\/li>\n\n\n\n<li><a href=\"https:\/\/rede-expressos.pt\/pt\/horarios-bilhetes\" target=\"_blank\" rel=\"noreferrer noopener\"><u>Rede Expressos<\/u><\/a><\/li>\n<\/ul>\n\n\n\n<div style=\"height:var(--wp--preset--spacing--20)\" aria-hidden=\"true\" class=\"wp-block-spacer\"><\/div>\n<\/details>\n\n\n\n<details class=\"wp-block-details has-black-color has-text-color has-link-color wp-elements-1af28ccb5e501eec2cf0fdaa0ffcccd6 is-layout-flow wp-container-core-details-is-layout-119bc444 wp-block-details-is-layout-flow\"><summary><strong>Getting to Aveiro from Lisbon Airport.<\/strong><\/summary>\n<p>The <a href=\"https:\/\/www.aeroportolisboa.pt\" data-type=\"link\" data-id=\"https:\/\/www.aeroportolisboa.pt\" target=\"_blank\" rel=\"noreferrer noopener\">Humberto Delgado Airport (Lisbon Airport)<\/a> is located about 250 km south of the city of Aveiro. Since it\u2019s a long journey, it\u2019s recommended to take a train from Lisbon to Aveiro using an Intercity or Alfa Pendular.<\/p>\n\n\n\n<p>To get from Lisbon Airport to the main station (Lisbon - Oriente), you can:<\/p>\n\n\n\n<ul class=\"wp-block-list\">\n<li>Take the Metro using the red line to Oriente train station. The ticket costs only \u20ac1.50.<\/li>\n\n\n\n<li>Take a taxi, which costs around \u20ac10 and takes about 15 minutes.<\/li>\n\n\n\n<li>Take buses 705 and 744 to Oriente bus station, which costs around \u20ac1.80. You can buy the ticket on board the bus.<\/li>\n<\/ul>\n\n\n\n<p>When you arrive at Lisbon \u2013 Oriente train station, you can take the Intercidades or Alfa Pendular high-speed train to Aveiro. The Intercidades and Alfa Pendular trains take approximately 2 hours and 2.5 hours, respectively, to reach Aveiro. The Intercidades costs between \u20ac21-31 and the Alfa Pendular between \u20ac28-40. Please check the website <a href=\"https:\/\/www.cp.pt\" data-type=\"link\" data-id=\"https:\/\/www.cp.pt\" target=\"_blank\" rel=\"noreferrer noopener\">cp.pt<\/a> for more information.<br><\/p>\n\n\n\n<div style=\"height:var(--wp--preset--spacing--20)\" aria-hidden=\"true\" class=\"wp-block-spacer\"><\/div>\n<\/details>\n\n\n\n<details class=\"wp-block-details has-black-color has-text-color has-link-color wp-elements-6b1325c533769336e04663c335b2f05a is-layout-flow wp-container-core-details-is-layout-119bc444 wp-block-details-is-layout-flow\"><summary><strong>Arriving at the University Campus from the Aveiro train station \/ city center.<\/strong><\/summary>\n<p>The Aveiro train station is located about a 30-minute walk away.<\/p>\n\n\n\n<p>The taxi or Uber ride takes about 5 minutes (between \u20ac3 and \u20ac6).<\/p>\n\n\n\n<p>The Aveiro Bus Line 11 stops at the Local Stop (University \u2013 Rectorate) after stopping at University \u2013 Old Rectorate (this stop is not listed on the schedule, but it exists). The trip takes approximately 10 minutes and the ticket costs \u20ac2.05 (you can buy the ticket on the bus). <a href=\"https:\/\/www.aveirobus.pt\/sites\/default\/files\/horarios\/aveiro_bus_paragem_-_horario_linha_297x297_l11_1702.pdf\" data-type=\"link\" data-id=\"https:\/\/www.aveirobus.pt\/sites\/default\/files\/horarios\/aveiro_bus_paragem_-_horario_linha_297x297_l11_1702.pdf\" target=\"_blank\" rel=\"noreferrer noopener\">Information on schedules<\/a>.<\/p>\n\n\n\n<p>The bus stops at various points around the city. Check the previous link or ask at the hotel about the nearest bus stop.<\/p>\n<\/details>\n\n\n\n<div style=\"height:25px\" aria-hidden=\"true\" class=\"wp-block-spacer\"><\/div>\n\n\n\n<h6 class=\"wp-block-heading has-black-color has-text-color has-link-color wp-elements-e4fb31f2a84e94bdad867bc2f278992b\">Accommodation<\/h6>\n\n\n\n<details class=\"wp-block-details has-black-color has-text-color has-link-color wp-elements-ec926ce11be51510f5fb7c97acecb540 is-layout-flow wp-container-core-details-is-layout-5dafc681 wp-block-details-is-layout-flow\"><summary><strong>List of hotels in Aveiro suggested by the organization for ETD25 participants.<\/strong><\/summary>\n<p class=\"translation-block\">The hotels of the <a href=\"https:\/\/www.grupoalboi.com\" target=\"_blank\" rel=\"noreferrer noopener\">Alboi group<\/a> offer a 10% discount. <strong>When registering, mention that you are a participant of the Ergotrip Design conference.<\/strong><\/p>\n\n\n\n<p><a href=\"https:\/\/www.grupoalboi.com\" data-type=\"link\" data-id=\"http:\/\/www.hotelaveirocenter.com\/\" target=\"_blank\" rel=\"noreferrer noopener\">Hotel do Alboi<\/a> \u2605\u2605\u2605\u2605<\/p>\n\n\n\n<p><a href=\"http:\/\/www.hoteldassalinas.com\" data-type=\"link\" data-id=\"www.hoteldassalinas.com\" target=\"_blank\" rel=\"noreferrer noopener\">Hotel das Salinas<\/a> \u2605\u2605\u2605<\/p>\n\n\n\n<p><a href=\"http:\/\/www.hotelaveirocenter.com\/\" data-type=\"link\" data-id=\"http:\/\/www.hotelaveirocenter.com\/\" target=\"_blank\" rel=\"noreferrer noopener\">Hotel Aveiro Center<\/a> \u2605\u2605\u2605<\/p>\n\n\n\n<div style=\"height:1rem\" aria-hidden=\"true\" class=\"wp-block-spacer\"><\/div>\n\n\n\n<p>Other hotels suggested by the organization:<\/p>\n\n\n\n<div class=\"wp-block-columns is-layout-flex wp-container-core-columns-is-layout-28f84493 wp-block-columns-is-layout-flex\">\n<div class=\"wp-block-column is-layout-flow wp-block-column-is-layout-flow\">\n<p><a href=\"http:\/\/www.hotelasamericas.com\/\" data-type=\"link\" data-id=\"http:\/\/www.hotelasamericas.com\/\" target=\"_blank\" rel=\"noreferrer noopener\">Hotel As Am\u00e9ricas<\/a> \u2605\u2605\u2605\u2605<\/p>\n\n\n\n<p><a href=\"http:\/\/www.hotelmoliceiro.pt\/\" data-type=\"link\" data-id=\"http:\/\/www.hotelmoliceiro.pt\/\" target=\"_blank\" rel=\"noreferrer noopener\">Hotel Moliceiro<\/a>  \u2605\u2605\u2605\u2605<\/p>\n\n\n\n<p><a href=\"http:\/\/www.meliaria.com\/\" data-type=\"link\" data-id=\"http:\/\/www.meliaria.com\/\" target=\"_blank\" rel=\"noreferrer noopener\">Meli\u00e1 Ria Hotel Spa<\/a>  \u2605\u2605\u2605\u2605<\/p>\n\n\n\n<p><a href=\"https:\/\/www.hotelimperial.pt\/en\/Menu\/Hotel.aspx\" data-type=\"link\" data-id=\"https:\/\/www.hotelimperial.pt\/en\/Menu\/Hotel.aspx\" target=\"_blank\" rel=\"noreferrer noopener\">Hotel Imperial<\/a> \u2605\u2605\u2605<\/p>\n<\/div>\n\n\n\n<div class=\"wp-block-column is-layout-flow wp-block-column-is-layout-flow\">\n<p><a href=\"http:\/\/www.hoteljardim.pt\/\" data-type=\"link\" data-id=\"http:\/\/www.hoteljardim.pt\/\" target=\"_blank\" rel=\"noreferrer noopener\">Hotel Jardim<\/a>  \u2605\u2605\u2605<\/p>\n\n\n\n<p><a href=\"http:\/\/www.hotelafonsov.pt\/\" data-type=\"link\" data-id=\"http:\/\/www.hotelafonsov.pt\/\" target=\"_blank\" rel=\"noreferrer noopener\">Hotel Afonso V<\/a> \u2605\u2605\u2605<\/p>\n\n\n\n<p><a href=\"http:\/\/www.venezahotel.pt\" data-type=\"link\" data-id=\"www.venezahotel.pt\" target=\"_blank\" rel=\"noreferrer noopener\">Hotel Veneza<\/a>  \u2605\u2605\u2605<\/p>\n<\/div>\n<\/div>\n<\/details>\n<\/div>\n<\/div>\n\n\n\n<p><\/p>","protected":false},"excerpt":{"rendered":"<p>Contacto Todas as quest\u00f5es relativas \u00e0 submiss\u00e3o devem ser enviadas por correio<\/p>","protected":false},"author":2,"featured_media":0,"parent":0,"menu_order":0,"comment_status":"closed","ping_status":"closed","template":"","meta":{"footnotes":""},"class_list":["post-12","page","type-page","status-publish","hentry"],"_links":{"self":[{"href":"https:\/\/ergotrip25.web.ua.pt\/en\/wp-json\/wp\/v2\/pages\/12","targetHints":{"allow":["GET"]}}],"collection":[{"href":"https:\/\/ergotrip25.web.ua.pt\/en\/wp-json\/wp\/v2\/pages"}],"about":[{"href":"https:\/\/ergotrip25.web.ua.pt\/en\/wp-json\/wp\/v2\/types\/page"}],"author":[{"embeddable":true,"href":"https:\/\/ergotrip25.web.ua.pt\/en\/wp-json\/wp\/v2\/users\/2"}],"replies":[{"embeddable":true,"href":"https:\/\/ergotrip25.web.ua.pt\/en\/wp-json\/wp\/v2\/comments?post=12"}],"version-history":[{"count":37,"href":"https:\/\/ergotrip25.web.ua.pt\/en\/wp-json\/wp\/v2\/pages\/12\/revisions"}],"predecessor-version":[{"id":2027,"href":"https:\/\/ergotrip25.web.ua.pt\/en\/wp-json\/wp\/v2\/pages\/12\/revisions\/2027"}],"wp:attachment":[{"href":"https:\/\/ergotrip25.web.ua.pt\/en\/wp-json\/wp\/v2\/media?parent=12"}],"curies":[{"name":"wp","href":"https:\/\/api.w.org\/{rel}","templated":true}]}}