{"id":1085,"date":"2025-07-31T17:31:13","date_gmt":"2025-07-31T17:31:13","guid":{"rendered":"https:\/\/ergotrip25.web.ua.pt\/?page_id=1085"},"modified":"2025-12-14T14:05:53","modified_gmt":"2025-12-14T14:05:53","slug":"committee","status":"publish","type":"page","link":"https:\/\/ergotrip25.web.ua.pt\/en\/committee\/","title":{"rendered":"Committees"},"content":{"rendered":"<div class=\"wp-block-columns has-2-columns is-layout-flex wp-container-core-columns-is-layout-28f84493 wp-block-columns-is-layout-flex\">\n<div class=\"wp-block-column is-layout-flow wp-block-column-is-layout-flow\">\n<div class=\"wp-block-columns has-2-columns is-layout-flex wp-container-core-columns-is-layout-28f84493 wp-block-columns-is-layout-flex\">\n<div class=\"wp-block-column is-layout-flow wp-block-column-is-layout-flow\">\n<h6 class=\"wp-block-heading has-black-color has-text-color has-link-color wp-elements-da7d8641f33984b1c5c3bbafc2c5b1e0\">Ergotrip Design General management<\/h6>\n\n\n\n<p class=\"has-black-color has-text-color has-link-color wp-elements-abda8b1cc83c0bb8a1252c3b3d9a1138\"><strong>\u00c1lvaro Sousa.<\/strong> University of Aveiro.<br><strong>Jos\u00e9 Guilherme Santa Rosa<\/strong>. Federal University of Rio Grande do Norte.<\/p>\n\n\n\n<div style=\"height:25px\" aria-hidden=\"true\" class=\"wp-block-spacer\"><\/div>\n\n\n\n<h6 class=\"wp-block-heading has-black-color has-text-color has-link-color wp-elements-e32cd4b8bc67549bf6863b7aaac8ff6f\">Organising committee<\/h6>\n\n\n\n<p class=\"has-black-color has-text-color has-link-color wp-elements-2d334575797360095d83339a6d34c8de\"><strong>\u00c1lvaro Sousa.<\/strong> ID+. Universidade de Aveiro. Chair.<br><strong>Lu\u00eds Ferreira.<\/strong> ID+. Universidade de Aveiro. Co-chair.<br><strong>Ivo Fonseca.<\/strong> ID+. Universidade de Aveiro. Co-chair.<br><strong>Liliana Costa.<\/strong> Digimedia. University of Aveiro. Co-chair.<br><strong>Catarina Reis.<\/strong> University of Aveiro.<br><strong>Eva Freitas.<\/strong> University of Aveiro.<br><strong>Gon\u00e7alo Nascimento.<\/strong> University of Aveiro.<br><strong>Rafael Coelho.<\/strong> University of Aveiro.<\/p>\n\n\n\n<div style=\"height:25px\" aria-hidden=\"true\" class=\"wp-block-spacer\"><\/div>\n<\/div>\n<\/div>\n<\/div>\n\n\n\n<div class=\"wp-block-column is-layout-flow wp-block-column-is-layout-flow\">\n<h6 class=\"wp-block-heading has-black-color has-text-color has-link-color wp-elements-bcbc1e2e758ce383ae6f4792dc6af42f\">Scientific committee<\/h6>\n\n\n\n<p class=\"has-black-color has-text-color translation-block\"><strong>Afonso Borges. <\/strong>University of Aveiro.<br><strong>\u00c1lvaro Sousa.<\/strong> University of Aveiro.<br><strong>Ana Afonso.<\/strong> Creative Science Park Aveiro Region.<br><strong>Ana Beatriz Andrade. <\/strong>S\u00e3o Paulo State University.<br><strong>Ana Karla Freire De Oliveira.<\/strong> Federal University of Campina Grande.<br><strong>Ana Veloso.<\/strong> University of Aveiro.<br><strong>Ang\u00e9lica Acioly.<\/strong> Federal University of Para\u00edba.<br><strong>Ant\u00f3nio Lacerda.<\/strong> University of Algarve.<br><strong>Bruno Santana.<\/strong> Federal University of Rio Grande do Norte.<br><strong>Camila Assis Peres.<\/strong> Federal University of Rio de Janeiro.<br><strong>Cl\u00e1udia Albino.<\/strong> University of Aveiro.<br><strong>Cristiane Menezes.<\/strong> University of Aveiro.<br><strong>Daniel Costa.<\/strong> Federal University of Campina Grande.<br><strong>Daniel Raposo.<\/strong> Polytechnic Institute of Castelo Branco.<br><strong>Daniel Vieira.<\/strong> University of Aveiro.<br><strong>Douglas Daniel Pereira.<\/strong> Federal University of Goi\u00e1s.<br><strong>Elizabeth Romani. <\/strong>Federal University of Rio Grande do Norte.<br><strong>Emilia Duarte.<\/strong> IADE \u2013 European University.<br><strong>Ermanno Aparo.<\/strong> Polytechnic Institute of Viana do Castelo.<br><strong>Eugenio Merino.<\/strong> Federal University of Rio Grande do Sul.<br><strong>Fabio Mariano Pereira. <\/strong>Federal University of Itajub\u00e1.<br><strong>Fabio Silva.<\/strong> Federal University of Rio Grande do Sul.<br><strong>F\u00e1tima Pombo. <\/strong>University of Aveiro.<br><strong>Giselle Merino.<\/strong> Federal University of Santa Catarina.<br><strong>Gon\u00e7alo Gomes. <\/strong>University of Aveiro.<br><strong>Itamar Silva.<\/strong> Federal University of Campina Grande.<br><strong>Ivo Fonseca.<\/strong> University of Aveiro.<br><strong>Joana Quental.<\/strong> University of Aveiro.<br><strong>Jo\u00e3o Neves. <\/strong>Polytechnic Institute of Castelo Branco.<br><strong>Jo\u00e3o Sampaio.<\/strong> University of Aveiro.<br><strong>Jos\u00e9 Guilherme Santa Rosa.<\/strong> Federal University of Rio Grande do Norte.<br><strong>Jos\u00e9 Nunes.<\/strong> University of Aveiro.<br><strong>Juliana Marcelino.<\/strong> Federal University of Pernambuco.<br><strong>Julie De Araujo Pires.<\/strong> Federal University of Rio de Janeiro.<br><strong>L\u00edgia Afreixo.<\/strong> University of Porto.<br><strong>Liliana Costa.<\/strong> University of Aveiro.<br><strong>Luciane Fadel. <\/strong>Federal University of Santa Catarina.<br><strong>Luis Ferreira.<\/strong> University of Aveiro.<br><strong>Luis Paschoarelli.<\/strong> S\u00e3o Paulo State University.<br><strong>Marcelo Soares.<\/strong> Federal University of Pernambuco.<br><strong>M\u00e1rio Vairinhos.<\/strong> University of Aveiro.<br><strong>Marisa Cobbe Maass.<\/strong> University of Bras\u00edlia.<br><strong>Marlene Ribeiro.<\/strong> Polytechnic Institute of Viseu.<br><strong>Nelson Zagalo.<\/strong> University of Aveiro.<br><strong>Nina Costa.<\/strong> University of Aveiro.<br><strong>Nuno Dias. <\/strong>University of Aveiro.<br><strong>Nuno Martins.<\/strong> Polytechnic Institute of C\u00e1vado and Ave.<br><strong>Olinda Martins.<\/strong> University of Aveiro.<br><strong>Pablo Torres.<\/strong> Federal University of Campina Grande.<br><strong>Rafaela Norogrando.<\/strong> University of Beira Interior.<br><strong>Raul Pinto.<\/strong> University of Tr\u00e1s-os-Montes and Alto Douro.<br><strong>Rita Branco.<\/strong> University of Aveiro.<br><strong>Rodolfo Nucci Porsani.<\/strong> S\u00e3o Paulo State University.<br><strong>Rosiane Pereira Alves.<\/strong> Federal University of Pernambuco.<br><strong>Rosinei Batista Ribeiro. <\/strong>State Center for Technological Education Paula Souza, S\u00e3o Paulo.<br><strong>Rui Costa.<\/strong> University of Aveiro.<br><strong>Susana Gonzaga. <\/strong>University of Madeira.<br><strong>T\u00e2nia Ribeiro.<\/strong> University of Aveiro.<br><strong>Teresa Franqueira.<\/strong> University of Aveiro.<\/p>\n\n\n\n<p class=\"has-black-color has-text-color has-link-color wp-elements-9ac00cf961d1ea846fe5a532228b76c6\"><\/p>\n<\/div>\n<\/div>\n\n\n\n<p><\/p>","protected":false},"excerpt":{"rendered":"<p>Dire\u00e7\u00e3o geral do Ergotrip Design \u00c1lvaro Sousa. Universidade de Aveiro.Jos\u00e9 Guilherme Santa<\/p>","protected":false},"author":2,"featured_media":0,"parent":0,"menu_order":0,"comment_status":"closed","ping_status":"closed","template":"","meta":{"footnotes":""},"class_list":["post-1085","page","type-page","status-publish","hentry"],"_links":{"self":[{"href":"https:\/\/ergotrip25.web.ua.pt\/en\/wp-json\/wp\/v2\/pages\/1085","targetHints":{"allow":["GET"]}}],"collection":[{"href":"https:\/\/ergotrip25.web.ua.pt\/en\/wp-json\/wp\/v2\/pages"}],"about":[{"href":"https:\/\/ergotrip25.web.ua.pt\/en\/wp-json\/wp\/v2\/types\/page"}],"author":[{"embeddable":true,"href":"https:\/\/ergotrip25.web.ua.pt\/en\/wp-json\/wp\/v2\/users\/2"}],"replies":[{"embeddable":true,"href":"https:\/\/ergotrip25.web.ua.pt\/en\/wp-json\/wp\/v2\/comments?post=1085"}],"version-history":[{"count":11,"href":"https:\/\/ergotrip25.web.ua.pt\/en\/wp-json\/wp\/v2\/pages\/1085\/revisions"}],"predecessor-version":[{"id":3546,"href":"https:\/\/ergotrip25.web.ua.pt\/en\/wp-json\/wp\/v2\/pages\/1085\/revisions\/3546"}],"wp:attachment":[{"href":"https:\/\/ergotrip25.web.ua.pt\/en\/wp-json\/wp\/v2\/media?parent=1085"}],"curies":[{"name":"wp","href":"https:\/\/api.w.org\/{rel}","templated":true}]}}